{"id":9,"date":"2020-09-09T16:29:13","date_gmt":"2020-09-09T13:29:13","guid":{"rendered":"https:\/\/wettespielen.de\/?page_id=9"},"modified":"2022-02-15T12:36:29","modified_gmt":"2022-02-15T09:36:29","slug":"vulkan-bet-bonus","status":"publish","type":"page","link":"https:\/\/wettespielen.de\/pt\/vulkan-bet-bonus\/","title":{"rendered":"C\u00f3digo promocional VulkanBet 50 rodadas gr\u00e1tis"},"content":{"rendered":"<h2><strong>C\u00f3digo promocional VulkanBet 50 rodadas gr\u00e1tis e outras recompensas<\/strong><\/h2>\n\n\n\n<p><a href=\"https:\/\/wettespielen.de\/pt\/\">VulkanBet<\/a> tem um amplo pacote de b\u00f4nus para cada jogador e sempre oferece novos b\u00f4nus. Para obter todas as informa\u00e7\u00f5es imediatamente, recomendamos que voc\u00ea se inscreva no boletim informativo da VulkanBet.<\/p>\n\n\n\n<p>Os casinos online nem sempre d\u00e3o c\u00f3digos exclusivos aos seus clientes. Nesta se\u00e7\u00e3o, contamos em detalhes sobre os b\u00f4nus atuais e fornecemos um c\u00f3digo promocional exclusivo v\u00e1lido do VulkanBet para um <meta charset=\"utf-8\">B\u00f4nus 200% com dep\u00f3sito e rodadas gr\u00e1tis sem condi\u00e7\u00f5es complicadas. <\/p>\n\n\n\n<p>TOPVBET <\/p>\n\n\n\n<p>Digite este c\u00f3digo de b\u00f4nus no campo &quot;Seu c\u00f3digo de b\u00f4nus&quot; e <em>receba nosso b\u00f4nus exclusivo 200% + 50 rodadas gr\u00e1tis sem dep\u00f3sito no VulkanBet! Somente para nossos clientes atrav\u00e9s do link:<\/em><\/p>\n\n\n\n<center><a href=\"https:\/\/seobionic.info\/click.php?key=4idde1jbgnpavcrb2src\" rel=\"nofollow noopener\" class=\"signup-button bp-button\">PARA B\u00d4NUS<\/a><\/center>\n\n\n\n<h2>Oferta de b\u00f4nus do pacote de boas-vindas do Vulkan Bet<\/h2>\n\n\n\n<figure class=\"wp-block-image size-large is-resized\"><img loading=\"lazy\" src=\"https:\/\/wettespielen.de\/wp-content\/uploads\/2021\/07\/Vulkan-Bet-Willkommensbonus-1024x173.png\" alt=\"C\u00f3digo promocional VulkanBet 50 rodadas gr\u00e1tis e outras recompensas\" class=\"wp-image-54\" width=\"970\" height=\"163\" srcset=\"https:\/\/wettespielen.de\/wp-content\/uploads\/2021\/07\/Vulkan-Bet-Willkommensbonus-1024x173.png 1024w, https:\/\/wettespielen.de\/wp-content\/uploads\/2021\/07\/Vulkan-Bet-Willkommensbonus-300x51.png 300w, https:\/\/wettespielen.de\/wp-content\/uploads\/2021\/07\/Vulkan-Bet-Willkommensbonus-768x130.png 768w, https:\/\/wettespielen.de\/wp-content\/uploads\/2021\/07\/Vulkan-Bet-Willkommensbonus.png 1366w\" sizes=\"(max-width: 970px) 100vw, 970px\" title=\"\"><figcaption>B\u00f4nus de boas-vindas do Vulkan Bet: rodadas gr\u00e1tis para todos!<\/figure>\n\n\n\n<p>Voc\u00ea quer come\u00e7ar o jogo lucrativo?<\/p>\n\n\n\n<p>Se voc\u00ea j\u00e1 est\u00e1 registrado, voc\u00ea tem 5 dias para pegar seu b\u00f4nus de boas-vindas! Este \u00e9 o b\u00f4nus para novos clientes. Comece com um b\u00f4nus de dep\u00f3sito. Todo jogador alem\u00e3o pode obter esta a\u00e7\u00e3o do cassino online. \u00c9 importante se cadastrar no site! O cassino \u00e9 licenciado e seguro.<\/p>\n\n\n\n<p>O pacote de boas-vindas consiste em tr\u00eas b\u00f4nus de dep\u00f3sito que voc\u00ea faz em uma sequ\u00eancia de acordo com todos os termos do b\u00f4nus.<\/p>\n\n\n\n<h3>Primeiro b\u00f4nus 100 % e 20 rodadas gr\u00e1tis:<\/h3>\n\n\n\n<p>Para obter o b\u00f4nus, voc\u00ea precisa fazer o primeiro dep\u00f3sito de pelo menos \u20ac 10 e receber\u00e1 um b\u00f4nus de 100 % e 20 rodadas gr\u00e1tis no ca\u00e7a-n\u00edqueis Gonzo&#039;s Quest.<\/p>\n\n\n\n<p>O valor m\u00e1ximo do b\u00f4nus \u00e9 de \u20ac 200.&nbsp;<\/p>\n\n\n\n<h3>Segundo B\u00f4nus 125 % e 30 Rodadas Gr\u00e1tis:<\/h3>\n\n\n\n<p>Claro, depois do primeiro b\u00f4nus vem o pr\u00f3ximo. Para obter o segundo b\u00f4nus, voc\u00ea precisa fazer um segundo dep\u00f3sito m\u00ednimo de \u20ac 15 e receber\u00e1 125 b\u00f4nus % e 30 rodadas gr\u00e1tis em Elven Princesses<\/p>\n\n\n\n<p>O valor m\u00e1ximo do b\u00f4nus \u00e9 de \u20ac 300.&nbsp;<\/p>\n\n\n\n<h3>Terceiro b\u00f4nus 150 % e 50 rodadas gr\u00e1tis:<\/h3>\n\n\n\n<p>Para obter o b\u00f4nus, voc\u00ea precisa fazer o segundo dep\u00f3sito de pelo menos \u20ac 15 e receber\u00e1 um b\u00f4nus de 150 % e 50 rodadas gr\u00e1tis no Book of Dead;<\/p>\n\n\n\n<p>O valor do b\u00f4nus limite \u00e9 de \u20ac 500.&nbsp;<\/p>\n\n\n\n<p>Voc\u00ea tem cinco dias para apostar cada b\u00f4nus.<\/p>\n\n\n\n<p><meta charset=\"utf-8\"><strong>Requisitos de aposta para pacote de boas-vindas e tr\u00eas b\u00f4nus para registro<\/strong><\/p>\n\n\n\n<p><strong>B\u00f4nus em dinheiro:<\/strong><\/p>\n\n\n\n<ul><li>O requisito de aposta de b\u00f4nus em dinheiro \u00e9 x40. <\/li><li>O valor m\u00e1ximo de convers\u00e3o dispon\u00edvel (ou seja, dinheiro creditado no saldo em dinheiro real) dispon\u00edvel ap\u00f3s o cumprimento das condi\u00e7\u00f5es \u00e9 5 vezes o b\u00f4nus que voc\u00ea recebe;<\/li><li>Apenas um b\u00f4nus de dep\u00f3sito pode ser ativado por vez. As apostas feitas ao mesmo tempo contam apenas para o requisito de aposta de um b\u00f4nus.<\/li><\/ul>\n\n\n\n<p><strong>Rodadas gr\u00e1tis:<\/strong><\/p>\n\n\n\n<ul><li>Os ganhos de rodadas gr\u00e1tis s\u00e3o creditados em um saldo de b\u00f4nus separado;<\/li><li>A quantidade m\u00e1xima de dinheiro que pode ser recebida em um saldo real ap\u00f3s apostar um b\u00f4nus recebido das Rodadas Gr\u00e1tis \u00e9 igual a 5 vezes o valor do dep\u00f3sito;<\/li><li>As rodadas gr\u00e1tis devem ser apostadas 30 vezes. Esses b\u00f4nus podem ser convertidos apostando no cassino em m\u00e1quinas ca\u00e7a-n\u00edqueis.<\/li><\/ul>\n\n\n\n<p>Mais informa\u00e7\u00f5es podem ser encontradas no site oficial.<\/p>\n\n\n\n<h2>B\u00f4nus semanais atuais do Vulkan Bet no cassino<\/h2>\n\n\n\n<figure class=\"wp-block-image size-large is-resized\"><img loading=\"lazy\" src=\"https:\/\/wettespielen.de\/wp-content\/uploads\/2021\/07\/Vulkan-Bet-Wo-chentlicher-Bonus-1024x173.png\" alt=\"Vulkan Bet B\u00f4nus\" class=\"wp-image-56\" width=\"946\" height=\"159\" srcset=\"https:\/\/wettespielen.de\/wp-content\/uploads\/2021\/07\/Vulkan-Bet-Wo-chentlicher-Bonus-1024x173.png 1024w, https:\/\/wettespielen.de\/wp-content\/uploads\/2021\/07\/Vulkan-Bet-Wo-chentlicher-Bonus-300x51.png 300w, https:\/\/wettespielen.de\/wp-content\/uploads\/2021\/07\/Vulkan-Bet-Wo-chentlicher-Bonus-768x130.png 768w, https:\/\/wettespielen.de\/wp-content\/uploads\/2021\/07\/Vulkan-Bet-Wo-chentlicher-Bonus.png 1358w\" sizes=\"(max-width: 946px) 100vw, 946px\" title=\"\"><figcaption>B\u00f4nus semanal, rodadas gr\u00e1tis sem dep\u00f3sito. Escolha a vaga!<\/figure>\n\n\n\n<p>Esta \u00e9 a a\u00e7\u00e3o de quarta-feira. Toda quarta-feira, os jogadores do Vulkan Bet recebem um b\u00f4nus 60% de at\u00e9 300 euros e 50 rodadas gr\u00e1tis. Se voc\u00ea ativar o b\u00f4nus e fizer um dep\u00f3sito, ter\u00e1 24 horas para ativ\u00e1-lo e fazer um dep\u00f3sito. Quanto mais voc\u00ea deposita, mais voc\u00ea recebe. Esta semana, o Vulkan Bet oferece um b\u00f4nus de dep\u00f3sito de at\u00e9 \u20ac 300, mas tamb\u00e9m 50 rodadas gr\u00e1tis. Que b\u00f4nus eu recebo e o que eu tenho que fazer para isso? Tudo \u00e9 simples. <\/p>\n\n\n\n<p><strong>O que voc\u00ea ganha com esse b\u00f4nus?<\/strong><\/p>\n\n\n\n<p>Nada complicado.<\/p>\n\n\n\n<ul><li>Este n\u00e3o \u00e9 um b\u00f4nus sem dep\u00f3sito. Quando voc\u00ea faz um dep\u00f3sito de \u20ac 10 \u2013 \u20ac 10, voc\u00ea recebe um b\u00f4nus de dep\u00f3sito de 60% e 10 rodadas gr\u00e1tis para o slot Majestic King (Spinomenal);<\/li><li>Quando os clientes fazem um dep\u00f3sito de \u20ac 25 \u2013 \u20ac 49, eles recebem um b\u00f4nus de dep\u00f3sito de 60 % e 25 rodadas gr\u00e1tis sem dep\u00f3sito para o slot Majestic King (Spinomenal);<\/li><li>Quando voc\u00ea faz um dep\u00f3sito de \u20ac 50 ou mais, voc\u00ea recebe um b\u00f4nus de dep\u00f3sito de 60 % e 50 rodadas gr\u00e1tis para o slot Majestic King (Spinomenal). Costumava ser as rodadas gr\u00e1tis sem dep\u00f3sito no Book of Dead.<\/li><\/ul>\n\n\n\n<p><strong>Termos de b\u00f4nus<\/strong><\/p>\n\n\n\n<ul><li>Este b\u00f4nus pode ser ativado todas as semanas de quarta-feira das 00:00 \u00e0s 23:59 UTC;<\/li><li>O b\u00f3nus m\u00e1ximo em dinheiro \u00e9 de 300\u20ac;<\/li><li>O valor de convers\u00e3o dispon\u00edvel ap\u00f3s cumprir os requisitos de aposta \u00e9 5 vezes o b\u00f4nus que voc\u00ea recebe;<\/li><li>Os b\u00f4nus em dinheiro t\u00eam um requisito de aposta de 40 vezes. Esses b\u00f4nus podem ser implementados atrav\u00e9s de apostas no cassino;<\/li><li>As rodadas gr\u00e1tis equivalem a uma aposta de \u20ac 0,25 por rodada;<\/li><li>Os ganhos de rodadas gr\u00e1tis s\u00e3o creditados em um saldo de b\u00f4nus separado;<\/li><li>Os ganhos de rodadas gr\u00e1tis t\u00eam um requisito de aposta de 30x;<\/li><li>5 dias para apostar o b\u00f4nus;<\/li><li>O b\u00f4nus est\u00e1 dispon\u00edvel apenas uma vez;<\/li><li>Apenas um b\u00f4nus de dep\u00f3sito pode estar ativo a qualquer momento. Ao ativar um b\u00f4nus de dep\u00f3sito, voc\u00ea desativa automaticamente qualquer promo\u00e7\u00e3o anterior.<\/li><\/ul>\n\n\n\n<h2>C\u00f3digo promocional do VulkanBet Casino<\/h2>\n\n\n\n<figure class=\"wp-block-image size-large is-resized\"><img loading=\"lazy\" src=\"https:\/\/wettespielen.de\/wp-content\/uploads\/2021\/07\/Vulkan-Bet-Bonuscodes-1024x174.png\" alt=\"Vulkan Bet B\u00f4nus\" class=\"wp-image-57\" width=\"952\" height=\"161\" srcset=\"https:\/\/wettespielen.de\/wp-content\/uploads\/2021\/07\/Vulkan-Bet-Bonuscodes-1024x174.png 1024w, https:\/\/wettespielen.de\/wp-content\/uploads\/2021\/07\/Vulkan-Bet-Bonuscodes-300x51.png 300w, https:\/\/wettespielen.de\/wp-content\/uploads\/2021\/07\/Vulkan-Bet-Bonuscodes-768x130.png 768w, https:\/\/wettespielen.de\/wp-content\/uploads\/2021\/07\/Vulkan-Bet-Bonuscodes.png 1350w\" sizes=\"(max-width: 952px) 100vw, 952px\" title=\"\"><figcaption>C\u00f3digo de b\u00f4nus seguro Vulkan Bet<\/figure>\n\n\n\n<p>Atualmente existem 2 c\u00f3digos de b\u00f4nus v\u00e1lidos que voc\u00ea pode usar como cliente regular para desfrutar de muitos outros b\u00f4nus. Com o saldo inicial, os clientes podem iniciar o jogo com dinheiro real.<\/p>\n\n\n\n<h3>B\u00f4nus de apostas esportivas Olsior<\/h3>\n\n\n\n<p>Para aproveitar o B\u00f4nus Olsior, fa\u00e7a o seguinte:<\/p>\n\n\n\n<ul><li>Registre-se ou fa\u00e7a login novamente no site da VulkanBet;<\/li><li>Ative o c\u00f3digo promocional OLSIOR22 no perfil, voc\u00ea o encontrar\u00e1 na \u00e1rea correspondente;<\/li><li>Voc\u00ea deve depositar pelo menos \u20ac 10 para ativar um b\u00f4nus.<\/li><\/ul>\n\n\n\n<p><strong>B\u00f4nus 200%:<\/strong><\/p>\n\n\n\n<ul><li>O maior valor de b\u00f4nus dispon\u00edvel \u00e9 de \u20ac 700;<\/li><li>Os b\u00f4nus em dinheiro devem ser apostados 35 vezes. Podem ser apostadas atrav\u00e9s de apostas simples em desportos e e-sports com odds de pelo menos 1,75.;<\/li><li>15 dias para apostar seu b\u00f4nus;<\/li><li>O valor m\u00e1ximo que pode ser transferido para o saldo real da sua conta depois de apostar o b\u00f4nus \u00e9 a soma do pr\u00f3prio b\u00f4nus.<\/li><\/ul>\n\n\n\n<p><strong>dinheiro de volta:<\/strong><\/p>\n\n\n\n<ul><li>O Cashback oferece-lhe a oportunidade de ganhar de volta 10 % de uma aposta colocada e perdedora no prazo de 24 horas ap\u00f3s fazer um dep\u00f3sito, pelo que o dep\u00f3sito deve cumprir as condi\u00e7\u00f5es desta promo\u00e7\u00e3o. Cashback = (soma das apostas \u2013 ganhos dessas apostas) x 10%. As apostas devem atender \u00e0s seguintes condi\u00e7\u00f5es: Saldo Real, Tipo de Aposta \u2013 Simples;<\/li><li>O reembolso ser\u00e1 creditado no seu saldo de b\u00f4nus;<\/li><li>O Cashback tem um requisito de aposta de 5 vezes.<\/li><\/ul>\n\n\n\n<h3>B\u00f4nus de apostas esportivas XBOST<\/h3>\n\n\n\n<p>Esta \u00e9 a oferta para apostas, porque a Vulkanbet n\u00e3o \u00e9 apenas um cassino, mas uma casa de apostas.<\/p>\n\n\n\n<ul><li>Ative o c\u00f3digo promocional XBOCT em seu perfil;<\/li><li>Voc\u00ea deve depositar pelo menos 10 USD\/10 EUR para ativar um b\u00f4nus.<\/li><\/ul>\n\n\n\n<p><strong>B\u00f4nus de Dep\u00f3sito de Apostas:<\/strong><\/p>\n\n\n\n<ul><li>O valor de b\u00f4nus mais alto dispon\u00edvel \u00e9 no m\u00e1ximo 700 EUR \/ 800 USD;<\/li><li>Os b\u00f4nus em dinheiro devem ser apostados 35 vezes. Podem ser apostadas atrav\u00e9s de apostas simples em desportos e e-sports com odds de pelo menos 1,75.;<\/li><li>15 dias para apostar o b\u00f4nus;<\/li><li>O valor m\u00e1ximo que pode ser transferido para saldos de contas reais uma vez que este b\u00f4nus \u00e9 apostado \u00e9 a soma do pr\u00f3prio b\u00f4nus.<\/li><\/ul>\n\n\n\n<center><a href=\"https:\/\/seobionic.info\/click.php?key=4idde1jbgnpavcrb2src\" class=\"signup-button bp-button\" rel=\"nofollow noopener\">PARA B\u00d4NUS<\/a><\/center>\n\n\n\n<h2>V.I.P<\/h2>\n\n\n\n<p><strong>B\u00f4nus do VulkanBet Casino para clientes fi\u00e9is no programa VIP \u2013 Vis\u00e3o geral<\/strong><\/p>\n\n\n\n<p>Casino sem programa VIP? N\u00e3o na Vulkan Bet! Os clientes regulares da Vulkanbet s\u00e3o recompensados com promo\u00e7\u00f5es especiais do cassino online. Como novo cliente, voc\u00ea come\u00e7a no n\u00edvel Bronze e pode subir para o n\u00edvel VIP Diamond, pelo qual acumula pontos. Quanto maior o seu n\u00edvel, mais promo\u00e7\u00f5es lucrativas voc\u00ea recebe. No n\u00edvel Diamante pode at\u00e9 trocar 50 pontos por 1\u20ac. Cada 2\u20ac d\u00e1 aos clientes um ponto de fideliza\u00e7\u00e3o. O cr\u00e9dito que voc\u00ea troca pode ser jogado no Vulkanbet Online Casino, apostado e s\u00f3 ent\u00e3o pago. Al\u00e9m deste programa de fidelidade para clientes fi\u00e9is, existem outras promo\u00e7\u00f5es generosas. N\u00e3o h\u00e1 dep\u00f3sito de \u20ac 10 e rodadas gr\u00e1tis sem dep\u00f3sito n\u00e3o est\u00e3o dispon\u00edveis no cassino no momento.<\/p>\n\n\n\n<h2>Existe um b\u00f4nus de cassino sem dep\u00f3sito?<\/h2>\n\n\n\n<p>N\u00e3o, este cassino n\u00e3o oferece esse b\u00f4nus. Mas atrav\u00e9s de n\u00f3s os jogadores recebem ofertas exclusivas! N\u00f3s lhe damos um c\u00f3digo promocional exclusivo v\u00e1lido do VulkanBet para um <meta charset=\"utf-8\">B\u00f4nus 200% com o dep\u00f3sito de 50 rodadas gr\u00e1tis sem condi\u00e7\u00f5es complicadas: TOPVBET. A vers\u00e3o m\u00f3vel tamb\u00e9m oferece a possibilidade de digitar c\u00f3digos de b\u00f4nus.<\/p>\n\n\n\n<h2>pagamentos<\/h2>\n\n\n\n<p><em>Como fa\u00e7o para retirar meus ganhos de b\u00f4nus? experi\u00eancias<\/em>. Depois que todas as condi\u00e7\u00f5es forem atendidas, voc\u00ea poder\u00e1 sacar os ganhos.<\/p>\n\n\n\n<p>Aqueles que ganham com seus b\u00f4nus querem retirar seus ganhos o mais r\u00e1pido poss\u00edvel. Cada jogador tem muitas variantes para depositar e retirar. Voc\u00ea pode escolher entre 12 op\u00e7\u00f5es de pagamento diferentes com este provedor. Al\u00e9m dos conhecidos VISA e MasterCard, tamb\u00e9m existem muitas carteiras eletr\u00f4nicas. Observe que uma retirada pode ser feita usando o mesmo m\u00e9todo que voc\u00ea usou para depositar da \u00faltima vez.<\/p>\n\n\n\n<p><strong>PayPal<\/strong><\/p>\n\n\n\n<p>A op\u00e7\u00e3o PayPal ainda n\u00e3o est\u00e1 dispon\u00edvel no Vulkanbet Casino. Suas transa\u00e7\u00f5es podem ser feitas com outras 12 op\u00e7\u00f5es. Todos s\u00e3o confi\u00e1veis.<\/p>\n\n\n\n<p><strong>Skrill<\/strong><\/p>\n\n\n\n<p>Os clientes da Vulkanbet encontrar\u00e3o Skrill em oferta para dep\u00f3sitos e saques. O dep\u00f3sito aparece na conta em um piscar de olhos, os jogadores podem come\u00e7ar a jogar imediatamente. A maior vantagem do Skrill \u00e9 que um pagamento geralmente leva at\u00e9 24 horas.<\/p>\n\n\n\n<p><strong>Neteller<\/strong><\/p>\n\n\n\n<p>O Neteller pode ser usado 24 horas por dia, 7 dias por semana, para saques na Vulkanbet. Para isso, os dep\u00f3sitos s\u00e3o instru\u00eddos diretamente e s\u00e3o conclu\u00eddos em poucos segundos, enquanto os saques levam apenas 24 horas.<\/p>\n\n\n\n<h3>Quais jogos est\u00e3o em promo\u00e7\u00e3o?<\/h3>\n\n\n\n<p>Na se\u00e7\u00e3o de jogos de cartas voc\u00ea encontrar\u00e1 p\u00f4quer, blackjack, bacar\u00e1, roleta. Com os melhores slots dos renomados provedores Netent, Merkur, Microgaming e v\u00e1rios jogos como Starburst, Book of Dead, Vegas Nights, Hot Hot Fruit, Weekend in Vegas e muitos mais, voc\u00ea tamb\u00e9m conhecer\u00e1 os outros que est\u00e3o em oferta . Verifique a se\u00e7\u00e3o Slots. Nenhuma promo\u00e7\u00e3o \u00e9 oferecida no blackjack, roleta e outros jogos ao vivo. Se algo n\u00e3o estiver claro, o suporte ao cliente est\u00e1 sempre pronto para ajudar.<\/p>\n\n\n\n<h2>Conclus\u00e3o \u2013 Inscreva-se e escolha uma promo\u00e7\u00e3o para voc\u00ea<\/h2>\n\n\n\n<p>A VulkanBet quer que o usu\u00e1rio do cassino online possa escolher a promo\u00e7\u00e3o mais adequada para eles. Portanto, sempre h\u00e1 v\u00e1rias promo\u00e7\u00f5es nas quais voc\u00ea pode participar como um novo cliente. Para reivindicar o b\u00f4nus de cassino online do Vulkan Bet, voc\u00ea precisa tomar uma decis\u00e3o e registrar a conta no portal de jogos, fornecendo informa\u00e7\u00f5es pessoais como e-mail, n\u00famero de telefone. Caso contr\u00e1rio, s\u00f3 \u00e9 poss\u00edvel testar os jogos no modo gratuito sem registro, mas voc\u00ea n\u00e3o recebe nenhuma promo\u00e7\u00e3o, mas joga por divers\u00e3o. Esta ainda \u00e9 a primeira e mais importante coisa a fazer para come\u00e7ar sua aventura com este interessante cassino online. No entanto, os clientes n\u00e3o recebem nenhuma promo\u00e7\u00e3o de gra\u00e7a.<\/p>\n\n\n\n<p>Depois de registrar uma nova conta <meta charset=\"utf-8\">verifique a guia A\u00c7\u00d5ES regularmente. Use tamb\u00e9m nosso b\u00f4nus exclusivo 200% + sem dep\u00f3sito 50 rodadas gr\u00e1tis no Vulkan Bet Casino com o c\u00f3digo promocional TOPVBET! Rodadas gr\u00e1tis sem dep\u00f3sito para slot.<\/p>\n\n\n\n<p>As ofertas atuais est\u00e3o sempre dispon\u00edveis no site, que s\u00e3o descritas com precis\u00e3o e definem o valor do B\u00f4nus de Aposta Vulkan, sua promo\u00e7\u00e3o e seu prazo. Voc\u00ea tamb\u00e9m pode visitar nosso site porque aqui estamos dando novos C\u00f3digos de B\u00f4nus exclusivos para nossos visitantes! Tamb\u00e9m nos esfor\u00e7amos para informar regularmente nossos destinat\u00e1rios sobre as \u00faltimas ofertas por meio de um boletim informativo. Todas as promo\u00e7\u00f5es, incluindo os C\u00f3digos de B\u00f4nus VulkanBet, possuem requisitos espec\u00edficos para uso. Portanto, antes de tomar a decis\u00e3o final de participar de uma promo\u00e7\u00e3o, voc\u00ea deve sempre verificar o que fazer para tirar o m\u00e1ximo proveito dela e evitar poss\u00edveis decep\u00e7\u00f5es. Estamos tentando deixar todas as ofertas um pouco mais claras para que os jogadores saibam que estamos oferecendo promo\u00e7\u00f5es com as melhores tarifas online. Ent\u00e3o n\u00e3o espere, registre sua conta! E as aventuras v\u00e3o come\u00e7ar! Temos certeza de que voc\u00ea ficar\u00e1 ansioso pelas ofertas porque elas s\u00e3o excelentes.<\/p>","protected":false},"excerpt":{"rendered":"<p>C\u00f3digo promocional VulkanBet 50 rodadas gr\u00e1tis e outras recompensas VulkanBet tem um amplo pacote de b\u00f4nus para todos os jogadores e sempre oferece novos b\u00f4nus. Para obter todas as informa\u00e7\u00f5es imediatamente, aconselhamos que voc\u00ea assine a newsletter VulkanBet. Os casinos online nem sempre d\u00e3o c\u00f3digos exclusivos aos seus clientes. Nesta se\u00e7\u00e3o, contamos em detalhes sobre o atual\u2026<\/p>","protected":false},"author":1,"featured_media":0,"parent":0,"menu_order":0,"comment_status":"closed","ping_status":"closed","template":"","meta":[],"amp_enabled":true,"_links":{"self":[{"href":"https:\/\/wettespielen.de\/pt\/wp-json\/wp\/v2\/pages\/9"}],"collection":[{"href":"https:\/\/wettespielen.de\/pt\/wp-json\/wp\/v2\/pages"}],"about":[{"href":"https:\/\/wettespielen.de\/pt\/wp-json\/wp\/v2\/types\/page"}],"author":[{"embeddable":true,"href":"https:\/\/wettespielen.de\/pt\/wp-json\/wp\/v2\/users\/1"}],"replies":[{"embeddable":true,"href":"https:\/\/wettespielen.de\/pt\/wp-json\/wp\/v2\/comments?post=9"}],"version-history":[{"count":186,"href":"https:\/\/wettespielen.de\/pt\/wp-json\/wp\/v2\/pages\/9\/revisions"}],"predecessor-version":[{"id":723,"href":"https:\/\/wettespielen.de\/pt\/wp-json\/wp\/v2\/pages\/9\/revisions\/723"}],"wp:attachment":[{"href":"https:\/\/wettespielen.de\/pt\/wp-json\/wp\/v2\/media?parent=9"}],"curies":[{"name":"wp","href":"https:\/\/api.w.org\/{rel}","templated":true}]}}