{"id":65,"date":"2021-07-20T15:48:05","date_gmt":"2021-07-20T12:48:05","guid":{"rendered":"https:\/\/wettespielen.de\/?page_id=65"},"modified":"2022-02-18T15:43:53","modified_gmt":"2022-02-18T12:43:53","slug":"vulkanbet-auszahlung","status":"publish","type":"page","link":"https:\/\/wettespielen.de\/pt\/vulkanbet-levantamentos\/","title":{"rendered":"Pagamento Vulkan Bet"},"content":{"rendered":"<h2>Os saques e dep\u00f3sitos da Vulkan Bet s\u00e3o feitos de forma r\u00e1pida e segura<\/h2>\n\n\n\n<p>A melhor coisa sobre jogos de azar e fazer apostas \u00e9, obviamente, ganhar. Cada cliente deseja obter seus ganhos rapidamente, ent\u00e3o voc\u00ea faz uma pergunta importante \u00e0 marca: Com que rapidez recebo meus ganhos e qu\u00e3o confi\u00e1veis s\u00e3o todas as transa\u00e7\u00f5es no VulkanBet? Tamb\u00e9m \u00e9 importante entender imediatamente quais m\u00e9todos de pagamento o cassino pode oferecer. Neste artigo, vamos ajud\u00e1-lo a obter respostas detalhadas para todas essas perguntas.<\/p>\n\n\n\n<h2>Limites de retirada<\/h2>\n\n\n\n<p>Os limites de retirada s\u00e3o muito flex\u00edveis no Vulkan Bet. Voc\u00ea pode sacar os ganhos imediatamente, se quiser. O Casino Vulkan Bet quer satisfazer as necessidades de todos os jogadores e \u00e9 por isso que eles t\u00eam diferentes m\u00e9todos de pagamento seguros \u00e0 sua disposi\u00e7\u00e3o com quase nenhum limite de dep\u00f3sito e retirada.<\/p>\n\n\n\n<p>Ao escolher a op\u00e7\u00e3o de pagamento, observe os limites, que s\u00e3o diferentes em todos os lugares. Os servi\u00e7os de pagamento t\u00eam seus pr\u00f3prios limites que o cassino online n\u00e3o pode contornar. O mesmo vale para a dura\u00e7\u00e3o de cada transa\u00e7\u00e3o. Seus saques ser\u00e3o processados imediatamente pela administra\u00e7\u00e3o, mas a dura\u00e7\u00e3o adicional depende da forma de pagamento.<\/p>\n\n\n\n<p>O \u00fanico limite de saque: nos casos em que o valor do seu pedido de saque \u00e9 pelo menos 20 vezes o valor total dos seus dep\u00f3sitos, o saque mensal \u00e9 limitado a 5.000 USD (ou o equivalente em sua moeda). N\u00e3o h\u00e1 limite para o dep\u00f3sito, apenas o dep\u00f3sito m\u00ednimo \u00e9 de 5 euros.<\/p>\n\n\n\n<p>O valor m\u00ednimo de saque depende do m\u00e9todo, verifique os dados da sua conta pessoal.<\/p>\n\n\n\n<h2>Vulkan Bet op\u00e7\u00f5es de pagamento&nbsp;<\/h2>\n\n\n\n<figure class=\"wp-block-image size-large is-resized\"><img loading=\"lazy\" src=\"https:\/\/wettespielen.de\/wp-content\/uploads\/2021\/07\/Vulkan-Bet-Auszahlung-1024x36.png\" alt=\"Pagamento Vulkan Bet\" class=\"wp-image-66\" width=\"970\" height=\"34\" srcset=\"https:\/\/wettespielen.de\/wp-content\/uploads\/2021\/07\/Vulkan-Bet-Auszahlung-1024x36.png 1024w, https:\/\/wettespielen.de\/wp-content\/uploads\/2021\/07\/Vulkan-Bet-Auszahlung-300x11.png 300w, https:\/\/wettespielen.de\/wp-content\/uploads\/2021\/07\/Vulkan-Bet-Auszahlung-768x27.png 768w, https:\/\/wettespielen.de\/wp-content\/uploads\/2021\/07\/Vulkan-Bet-Auszahlung.png 1347w\" sizes=\"(max-width: 970px) 100vw, 970px\" title=\"\"><figcaption>Pagamento VulkanBet<\/figure>\n\n\n\n<p>VulkanBet trabalha com provedores de pagamento respeit\u00e1veis e cada uma de suas transa\u00e7\u00f5es \u00e9 protegida. Infelizmente, voc\u00ea n\u00e3o encontrar\u00e1 nenhuma informa\u00e7\u00e3o espec\u00edfica sobre os m\u00e9todos de pagamento mais recentes no site Vulkan Bet se ainda n\u00e3o estiver registrado. No entanto, coletamos essas informa\u00e7\u00f5es para voc\u00ea.<\/p>\n\n\n\n<p>Voc\u00ea pode retirar a Aposta Vulkan usando os seguintes m\u00e9todos:&nbsp;<\/p>\n\n\n\n<ul><li>Giropay&nbsp;<\/li><li>Banco&nbsp;<\/li><li>Muito melhor<\/li><li>Neosurf&nbsp;<\/li><li>Paysafecard&nbsp;<\/li><li>Banco Instant\u00e2neo<\/li><\/ul>\n\n\n\n<p>Os m\u00e9todos atuais est\u00e3o sujeitos a altera\u00e7\u00f5es, portanto, voc\u00ea deve verificar as informa\u00e7\u00f5es atuais em seu perfil ao criar a conta. Voc\u00ea tamb\u00e9m pode encontrar os limites de saque atuais l\u00e1.<\/p>","protected":false},"excerpt":{"rendered":"<p>Os saques e dep\u00f3sitos da Vulkan Bet s\u00e3o feitos de forma r\u00e1pida e segura.A melhor coisa sobre jogar jogos de cassino e fazer apostas \u00e9, obviamente, ganhar. Cada cliente deseja receber seus ganhos rapidamente, ent\u00e3o voc\u00ea faz uma pergunta importante \u00e0 marca: Com que rapidez recebo meus ganhos e qu\u00e3o confi\u00e1veis s\u00e3o todas as transa\u00e7\u00f5es no VulkanBet? Tamb\u00e9m \u00e9 importante imediatamente ...<\/p>","protected":false},"author":1,"featured_media":0,"parent":0,"menu_order":0,"comment_status":"closed","ping_status":"closed","template":"","meta":[],"amp_enabled":true,"_links":{"self":[{"href":"https:\/\/wettespielen.de\/pt\/wp-json\/wp\/v2\/pages\/65"}],"collection":[{"href":"https:\/\/wettespielen.de\/pt\/wp-json\/wp\/v2\/pages"}],"about":[{"href":"https:\/\/wettespielen.de\/pt\/wp-json\/wp\/v2\/types\/page"}],"author":[{"embeddable":true,"href":"https:\/\/wettespielen.de\/pt\/wp-json\/wp\/v2\/users\/1"}],"replies":[{"embeddable":true,"href":"https:\/\/wettespielen.de\/pt\/wp-json\/wp\/v2\/comments?post=65"}],"version-history":[{"count":2,"href":"https:\/\/wettespielen.de\/pt\/wp-json\/wp\/v2\/pages\/65\/revisions"}],"predecessor-version":[{"id":68,"href":"https:\/\/wettespielen.de\/pt\/wp-json\/wp\/v2\/pages\/65\/revisions\/68"}],"wp:attachment":[{"href":"https:\/\/wettespielen.de\/pt\/wp-json\/wp\/v2\/media?parent=65"}],"curies":[{"name":"wp","href":"https:\/\/api.w.org\/{rel}","templated":true}]}}