{"id":19,"date":"2020-09-09T16:42:51","date_gmt":"2020-09-09T13:42:51","guid":{"rendered":"https:\/\/wettespielen.de\/?page_id=19"},"modified":"2022-02-15T14:48:03","modified_gmt":"2022-02-15T11:48:03","slug":"vulkanbet-app","status":"publish","type":"page","link":"https:\/\/wettespielen.de\/pt\/vulkanbet-app\/","title":{"rendered":"Vulkan Bet Apk"},"content":{"rendered":"<center><a href=\"https:\/\/seobionic.info\/click.php?key=4idde1jbgnpavcrb2src&amp;&amp;button=app\" class=\"signup-button bp-button app-btn\" rel=\"nofollow noopener\">Baixe o aplicativo<\/a><\/center>\n\n\n\n<h2>O aplicativo VulkanBet ajuda voc\u00ea a jogar em qualquer lugar<\/h2>\n\n\n\n<p>Hoje em dia quase todas as marcas e plataformas online possuem uma vers\u00e3o mobile para seus produtos. Porque? Voc\u00ea pode dizer que esta pergunta n\u00e3o precisa de uma resposta. \u00c9 claro que no s\u00e9culo XXI todo mundo tem um smartphone no bolso e, muitas vezes, todo o trabalho \u00e9 feito no telefone. Se voc\u00ea \u00e9 um f\u00e3 de jogos de azar, com certeza vai querer abrir seus jogos favoritos de vez em quando. E a vers\u00e3o m\u00f3vel de primeira classe do Vulkan Bet ir\u00e1 ajud\u00e1-lo bem.<\/p>\n\n\n\n<h2>Aplicativo VulkanBet para Android<\/h2>\n\n\n\n<p>VulkanBet ainda n\u00e3o desenvolveu um aplicativo nativo para dispositivos Android. Mas os jogadores ainda podem visitar Vulkanbet em seus dispositivos m\u00f3veis atrav\u00e9s do site m\u00f3vel baseado na web.<\/p>\n\n\n\n<p>Al\u00e9m da conveni\u00eancia de jogar em qualquer lugar, a vers\u00e3o m\u00f3vel tem algumas outras vantagens. Por exemplo, n\u00e3o h\u00e1 custos adicionais para baixar um aplicativo e voc\u00ea economiza espa\u00e7o de armazenamento em seu dispositivo Android. Para come\u00e7ar a jogar na vers\u00e3o m\u00f3vel do Vulkan Bet, basta entrar no site oficial do navegador do seu celular e pesquisar. O site ser\u00e1 automaticamente alterado para a vers\u00e3o m\u00f3vel. Esta \u00e9 a vers\u00e3o do site m\u00f3vel otimizada para uso m\u00f3vel que voc\u00ea sempre pode alcan\u00e7ar.<\/p>\n\n\n\n<h2>Aplicativo VulkanBet para iOs<\/h2>\n\n\n\n<p>Os usu\u00e1rios do iOS tamb\u00e9m podem esperar a vers\u00e3o baseada na web, a situa\u00e7\u00e3o \u00e9 a mesma. N\u00e3o h\u00e1 aplicativo nativo para download em dispositivos iOS. Isso deixa os jogadores em dispositivos m\u00f3veis da Apple com a alternativa de usar o site m\u00f3vel. Tudo que voc\u00ea precisa fazer \u00e9 abrir o seu navegador preferido no seu dispositivo iOS e inserir o URL do Vulkanbet. Seu dispositivo ir\u00e1 baixar automaticamente a vers\u00e3o m\u00f3vel.<\/p>\n\n\n\n<p>O design em dispositivos iOS parece o mesmo que no site de um dispositivo Android e na vers\u00e3o para desktop. Assim, voc\u00ea dificilmente notar\u00e1 quaisquer diferen\u00e7as e ver\u00e1 imediatamente toda a interface.<\/p>\n\n\n\n<h2>VulkanBet App: O que voc\u00ea precisa saber<\/h2>\n\n\n\n<p>A falta de aplicativos para download significa que n\u00e3o h\u00e1 problema para os \u00e1vidos jogadores m\u00f3veis da Vulkanbet. A vers\u00e3o baseada em navegador faz um excelente trabalho de apresenta\u00e7\u00e3o desta plataforma de jogos online em dispositivos m\u00f3veis. Conforme mencionado anteriormente, usar o site para celular tamb\u00e9m pode ser muito ben\u00e9fico, pois economiza espa\u00e7o de armazenamento do seu dispositivo.<\/p>\n\n\n\n<p>A vers\u00e3o m\u00f3vel do Vulkanbet tamb\u00e9m \u00e9 f\u00e1cil de usar. Voc\u00ea pode se registrar aqui, usar todos os b\u00f4nus, jogar em cassinos online e ao vivo, fazer apostas e tamb\u00e9m entrar em contato com o atendimento ao cliente.<\/p>\n\n\n\n<p>Assim que estiver logado no site, voc\u00ea ter\u00e1 acesso a toda uma variedade de jogos e slots de v\u00eddeo para alguns esportes emocionantes ao vivo. A vers\u00e3o m\u00f3vel est\u00e1 equipada com uma sele\u00e7\u00e3o impressionante de op\u00e7\u00f5es de jogos e apostas que voc\u00ea encontrar\u00e1 imediatamente em seu dispositivo m\u00f3vel.<\/p>\n\n\n\n<h2>VulkanBet apostas esportivas via vers\u00e3o m\u00f3vel<\/h2>\n\n\n\n<p>Para alguns, a Vulkanbet \u00e9 mais conhecida por suas apostas esportivas online. Desde que a marca foi fundada, a Vulkanbet desenvolveu uma ampla gama de apostas esportivas com atualiza\u00e7\u00f5es regulares sobre novas op\u00e7\u00f5es de apostas. A partir da vers\u00e3o mobile do site, voc\u00ea pode facilmente apostar em uma grande variedade de eventos esportivos como futebol, MMA, h\u00f3quei no gelo, boxe, basquete, v\u00f4lei e muitos outros. As apostas em futebol s\u00e3o provavelmente um dos maiores mercados de apostas aqui.<\/p>\n\n\n\n<p>O site oferece jogos de ligas de todos os continentes. Al\u00e9m dos eventos esportivos regulares, a Vulkanbet tamb\u00e9m se concentrou um pouco nos e-sports. O site oferece um extenso cat\u00e1logo de jogos de esportes eletr\u00f4nicos com v\u00e1rias op\u00e7\u00f5es de apostas.<\/p>\n\n\n\n<h2>Vers\u00e3o m\u00f3vel VulkanBet Casino<\/h2>\n\n\n\n<p>Se voc\u00ea n\u00e3o \u00e9 f\u00e3 de apostas esportivas, pode experimentar o cassino m\u00f3vel da Vulkanbet, que tem uma variedade de jogos de cassino e est\u00e1 dispon\u00edvel em dispositivos Android e iOS. O casino m\u00f3vel tem um extenso cat\u00e1logo de jogos que traz a bordo todos os jogos oferecidos no site principal para desktop. Todos os jogos aqui s\u00e3o oferecidos no modo de jogo instant\u00e2neo e podem ser facilmente jogados por meio de seu navegador normal da web, e tudo isso acontece sem downloads adicionais.<\/p>\n\n\n\n<p>Em termos de sele\u00e7\u00e3o de jogos, a Vulkanbet montou uma plataforma de jogos de cassino online com v\u00e1rios softwares. Aqui voc\u00ea pode encontrar jogos dos principais fornecedores de software, como NetEnt, Play&#039;n Go, Microgaming, Betsoft e EvoPlay. Esteja voc\u00ea interessado em m\u00e1quinas ca\u00e7a-n\u00edqueis tradicionais de 3 tambores e p\u00f4quer ou nas m\u00e1quinas ca\u00e7a-n\u00edqueis 3D altamente modernizadas e p\u00f4quer de v\u00eddeo, a Vulkanbet sempre tem algo a oferecer a voc\u00ea.<\/p>\n\n\n\n<p>Na \u00e1rea de cartas e jogos de mesa, voc\u00ea encontrar\u00e1 uma sele\u00e7\u00e3o de jogos populares como bacar\u00e1, blackjack, p\u00f4quer, roleta e muitos mais.<\/p>\n\n\n\n<p>A maior sele\u00e7\u00e3o de jogos de cassino pode ser encontrada na se\u00e7\u00e3o de ca\u00e7a-n\u00edqueis, que possui mais de uma centena de jogos. Aqui voc\u00ea encontrar\u00e1 ca\u00e7a-n\u00edqueis cl\u00e1ssicos, ca\u00e7a-n\u00edqueis com v\u00e1rios carret\u00e9is e ca\u00e7a-n\u00edqueis 3D com temas de filmes modernos.<\/p>\n\n\n\n<h2>B\u00f4nus VulkanBet via aplicativo m\u00f3vel<\/h2>\n\n\n\n<p>N\u00e3o h\u00e1 b\u00f4nus especiais que a Vulkanbet est\u00e1 oferecendo aos jogadores que usam a vers\u00e3o m\u00f3vel. O site oferece a todos os novos jogadores um b\u00f4nus de boas-vindas em seu primeiro, segundo e terceiro dep\u00f3sito. Todos os b\u00f4nus est\u00e3o dispon\u00edveis via aplicativo m\u00f3vel.<\/p>","protected":false},"excerpt":{"rendered":"<p>Baixe o aplicativo VulkanBet ajuda voc\u00ea a jogar em qualquer lugar Hoje em dia quase todas as marcas e plataformas online t\u00eam uma vers\u00e3o m\u00f3vel para seus produtos. Por qu\u00ea? Voc\u00ea pode dizer que esta pergunta n\u00e3o precisa de uma resposta. \u00c9 claro que no s\u00e9culo XXI todo mundo tem um smartphone no bolso e, muitas vezes, todo o trabalho est\u00e1 no telefone. ...<\/p>","protected":false},"author":1,"featured_media":0,"parent":0,"menu_order":0,"comment_status":"closed","ping_status":"closed","template":"","meta":[],"amp_enabled":true,"_links":{"self":[{"href":"https:\/\/wettespielen.de\/pt\/wp-json\/wp\/v2\/pages\/19"}],"collection":[{"href":"https:\/\/wettespielen.de\/pt\/wp-json\/wp\/v2\/pages"}],"about":[{"href":"https:\/\/wettespielen.de\/pt\/wp-json\/wp\/v2\/types\/page"}],"author":[{"embeddable":true,"href":"https:\/\/wettespielen.de\/pt\/wp-json\/wp\/v2\/users\/1"}],"replies":[{"embeddable":true,"href":"https:\/\/wettespielen.de\/pt\/wp-json\/wp\/v2\/comments?post=19"}],"version-history":[{"count":10,"href":"https:\/\/wettespielen.de\/pt\/wp-json\/wp\/v2\/pages\/19\/revisions"}],"predecessor-version":[{"id":762,"href":"https:\/\/wettespielen.de\/pt\/wp-json\/wp\/v2\/pages\/19\/revisions\/762"}],"wp:attachment":[{"href":"https:\/\/wettespielen.de\/pt\/wp-json\/wp\/v2\/media?parent=19"}],"curies":[{"name":"wp","href":"https:\/\/api.w.org\/{rel}","templated":true}]}}