{"id":9,"date":"2020-09-09T16:29:13","date_gmt":"2020-09-09T13:29:13","guid":{"rendered":"https:\/\/wettespielen.de\/?page_id=9"},"modified":"2022-02-15T12:36:29","modified_gmt":"2022-02-15T09:36:29","slug":"vulkan-bet-bonus","status":"publish","type":"page","link":"https:\/\/wettespielen.de\/pl\/vulkan-bet-bonus\/","title":{"rendered":"Kod promocyjny VulkanBet 50 darmowych spin\u00f3w"},"content":{"rendered":"<h2><strong>Kod promocyjny VulkanBet 50 darmowych spin\u00f3w i inne nagrody<\/strong><\/h2>\n\n\n\n<p><a href=\"https:\/\/wettespielen.de\/pl\/\">VulkanBet<\/a> posiada szeroki pakiet bonusowy dla ka\u017cdego gracza i zawsze oferuje nowe bonusy. Aby natychmiast uzyska\u0107 wszystkie informacje, radzimy zapisa\u0107 si\u0119 do newslettera VulkanBet.<\/p>\n\n\n\n<p>Kasyna online nie zawsze rozdaj\u0105 swoim klientom ekskluzywne kody. W tej sekcji szczeg\u00f3\u0142owo opisujemy aktualne bonusy i dajemy wa\u017cny ekskluzywny kod promocyjny VulkanBet dla jednego <meta charset=\"utf-8\">200% Bonus z depozytem i darmowymi spinami bez skomplikowanych warunk\u00f3w. <\/p>\n\n\n\n<p>TOPVBET <\/p>\n\n\n\n<p>Wpisz ten kod bonusowy w polu \u201eTw\u00f3j kod bonusowy\u201d i <em>otrzymaj nasz ekskluzywny bonus 200% + bez depozytu 50 darmowych spin\u00f3w w VulkanBet! Tylko dla naszych klient\u00f3w poprzez link:<\/em><\/p>\n\n\n\n<center><a href=\"https:\/\/seobionic.info\/click.php?key=4idde1jbgnpavcrb2src\" rel=\"nofollow noopener\" class=\"signup-button bp-button\">DO BONUS\u00d3W<\/a><\/center>\n\n\n\n<h2>Oferta bonusowa pakietu powitalnego Vulkan Bet<\/h2>\n\n\n\n<figure class=\"wp-block-image size-large is-resized\"><img loading=\"lazy\" src=\"https:\/\/wettespielen.de\/wp-content\/uploads\/2021\/07\/Vulkan-Bet-Willkommensbonus-1024x173.png\" alt=\"Kod promocyjny VulkanBet 50 darmowych spin\u00f3w i inne nagrody\" class=\"wp-image-54\" width=\"970\" height=\"163\" srcset=\"https:\/\/wettespielen.de\/wp-content\/uploads\/2021\/07\/Vulkan-Bet-Willkommensbonus-1024x173.png 1024w, https:\/\/wettespielen.de\/wp-content\/uploads\/2021\/07\/Vulkan-Bet-Willkommensbonus-300x51.png 300w, https:\/\/wettespielen.de\/wp-content\/uploads\/2021\/07\/Vulkan-Bet-Willkommensbonus-768x130.png 768w, https:\/\/wettespielen.de\/wp-content\/uploads\/2021\/07\/Vulkan-Bet-Willkommensbonus.png 1366w\" sizes=\"(max-width: 970px) 100vw, 970px\" title=\"\"><figcaption>Bonus powitalny Vulkan Bet: Darmowe spiny dla ka\u017cdego!<\/figure>\n\n\n\n<p>Chcesz rozpocz\u0105\u0107 lukratywn\u0105 gr\u0119?<\/p>\n\n\n\n<p>Je\u015bli jeste\u015b ju\u017c zarejestrowany, masz 5 dni na zgarni\u0119cie bonusu powitalnego! To jest bonus dla nowych klient\u00f3w. Zacznij od bonusu od depozytu. Ka\u017cdy niemiecki gracz mo\u017ce otrzyma\u0107 t\u0119 akcj\u0119 kasyna online. Rejestracja na stronie jest wa\u017cna! Kasyno jest licencjonowane i bezpieczne.<\/p>\n\n\n\n<p>Pakiet powitalny sk\u0142ada si\u0119 z trzech bonus\u00f3w depozytowych, kt\u00f3re dokonujesz w sekwencji zgodnie ze wszystkimi warunkami bonusowymi.<\/p>\n\n\n\n<h3>Pierwszy bonus 100 % i 20 darmowych spin\u00f3w:<\/h3>\n\n\n\n<p>Aby otrzyma\u0107 bonus, musisz dokona\u0107 pierwszego depozytu w wysoko\u015bci co najmniej 10 \u20ac, a otrzymasz 100 bonusu % i 20 darmowych spin\u00f3w w automacie Gonzo&#039;s Quest.<\/p>\n\n\n\n<p>Maksymalna kwota bonusu to 200 \u20ac.&nbsp;<\/p>\n\n\n\n<h3>Drugi bonus 125 % i 30 darmowych spin\u00f3w:<\/h3>\n\n\n\n<p>Oczywi\u015bcie po pierwszym bonusie przychodzi nast\u0119pny. Aby otrzyma\u0107 drugi bonus, musisz dokona\u0107 drugiego minimalnego depozytu w wysoko\u015bci 15 \u20ac, a otrzymasz 125 bonusu % i 30 darmowych spin\u00f3w w Elven Princesses<\/p>\n\n\n\n<p>Maksymalna kwota bonusu to 300 \u20ac.&nbsp;<\/p>\n\n\n\n<h3>Trzeci bonus 150 % i 50 darmowych spin\u00f3w:<\/h3>\n\n\n\n<p>Aby otrzyma\u0107 bonus, musisz dokona\u0107 drugiego depozytu w wysoko\u015bci co najmniej 15 \u20ac, a otrzymasz 150 bonusu % i 50 darmowych spin\u00f3w w Book of Dead;<\/p>\n\n\n\n<p>Limit bonusu wynosi 500 \u20ac.&nbsp;<\/p>\n\n\n\n<p>Na ka\u017cdy bonus masz pi\u0119\u0107 dni.<\/p>\n\n\n\n<p><meta charset=\"utf-8\"><strong>Wymagania dotycz\u0105ce obrotu pakietem powitalnym i trzema bonusami za rejestracj\u0119<\/strong><\/p>\n\n\n\n<p><strong>Bonus got\u00f3wkowy:<\/strong><\/p>\n\n\n\n<ul><li>Wym\u00f3g obrotu bonusem got\u00f3wkowym wynosi x40. <\/li><li>Maksymalna dost\u0119pna kwota konwersji (tj. pieni\u0105dze dodane do salda prawdziwych pieni\u0119dzy) dost\u0119pna po spe\u0142nieniu warunk\u00f3w to 5-krotno\u015b\u0107 otrzymanego bonusu;<\/li><li>Tylko jeden bonus od depozytu mo\u017ce by\u0107 aktywowany na raz. Zak\u0142ady postawione w tym samym czasie licz\u0105 si\u0119 tylko do wymaga\u0144 obrotu bonusu.<\/li><\/ul>\n\n\n\n<p><strong>Darmowe spiny:<\/strong><\/p>\n\n\n\n<ul><li>Wygrane z darmowych spin\u00f3w s\u0105 dodawane do oddzielnego salda bonusowego;<\/li><li>Maksymalna kwota pieni\u0119dzy, kt\u00f3r\u0105 mo\u017cna otrzyma\u0107 na prawdziwym saldzie po obstawieniu bonusu otrzymanego z darmowych spin\u00f3w, jest r\u00f3wna 5-krotno\u015bci kwoty depozytu;<\/li><li>Darmowe spiny nale\u017cy obstawia\u0107 30 razy. Te bonusy mo\u017cna zamieni\u0107, obstawiaj\u0105c w kasynie na automatach do gry.<\/li><\/ul>\n\n\n\n<p>Wi\u0119cej informacji mo\u017cna znale\u017a\u0107 na oficjalnej stronie.<\/p>\n\n\n\n<h2>Vulkan Bet aktualne cotygodniowe bonusy w kasynie<\/h2>\n\n\n\n<figure class=\"wp-block-image size-large is-resized\"><img loading=\"lazy\" src=\"https:\/\/wettespielen.de\/wp-content\/uploads\/2021\/07\/Vulkan-Bet-Wo-chentlicher-Bonus-1024x173.png\" alt=\"Bonus zak\u0142adu Vulkan\" class=\"wp-image-56\" width=\"946\" height=\"159\" srcset=\"https:\/\/wettespielen.de\/wp-content\/uploads\/2021\/07\/Vulkan-Bet-Wo-chentlicher-Bonus-1024x173.png 1024w, https:\/\/wettespielen.de\/wp-content\/uploads\/2021\/07\/Vulkan-Bet-Wo-chentlicher-Bonus-300x51.png 300w, https:\/\/wettespielen.de\/wp-content\/uploads\/2021\/07\/Vulkan-Bet-Wo-chentlicher-Bonus-768x130.png 768w, https:\/\/wettespielen.de\/wp-content\/uploads\/2021\/07\/Vulkan-Bet-Wo-chentlicher-Bonus.png 1358w\" sizes=\"(max-width: 946px) 100vw, 946px\" title=\"\"><figcaption>Cotygodniowy bonus, darmowe spiny bez depozytu. Wybierz slot!<\/figure>\n\n\n\n<p>To jest \u015brodowa akcja. W ka\u017cd\u0105 \u015brod\u0119 gracze w Vulkan Bet otrzymuj\u0105 bonus 60% do 300 euro i 50 darmowych spin\u00f3w. Je\u015bli aktywujesz bonus i dokonasz wp\u0142aty, masz 24 godziny na jego aktywacj\u0119 i dokonanie wp\u0142aty. Im wi\u0119cej wp\u0142acisz, tym wi\u0119cej otrzymasz. W tym tygodniu Vulkan Bet zapewni\u0142 Ci bonus od depozytu w wysoko\u015bci nie tylko 300 \u20ac, ale tak\u017ce 50 darmowych spin\u00f3w. Jaki bonus otrzymam i co musz\u0119 dla niego zrobi\u0107? Wszystko jest proste. <\/p>\n\n\n\n<p><strong>Co otrzymujesz z tym bonusem?<\/strong><\/p>\n\n\n\n<p>Nic skomplikowanego.<\/p>\n\n\n\n<ul><li>To nie jest bonus bez depozytu. Po dokonaniu wp\u0142aty w wysoko\u015bci 10 \u2013 10 EUR otrzymasz bonus od depozytu w wysoko\u015bci 60% i 10 darmowych spin\u00f3w na automat Majestic King (Spinomenal);<\/li><li>Kiedy klienci dokonaj\u0105 wp\u0142aty w wysoko\u015bci 25 \u2013 49 EUR, otrzymaj\u0105 bonus od depozytu w wysoko\u015bci 60 % i 25 darmowych spin\u00f3w bez depozytu na automat Majestic King (Spinomenal);<\/li><li>Kiedy dokonasz wp\u0142aty w wysoko\u015bci 50 \u20ac lub wi\u0119cej, otrzymasz bonus od depozytu w wysoko\u015bci 60 % i 50 darmowych spin\u00f3w na automat Majestic King (Spinomenal). Kiedy\u015b by\u0142y to darmowe spiny bez depozytu w Book of Dead.<\/li><\/ul>\n\n\n\n<p><strong>Warunki bonusowe<\/strong><\/p>\n\n\n\n<ul><li>Ten bonus mo\u017cna aktywowa\u0107 co tydzie\u0144 od \u015brody od 00:00 do 23:59 UTC;<\/li><li>Maksymalna premia pieni\u0119\u017cna wynosi 300 \u20ac;<\/li><li>Dost\u0119pna kwota konwersji dost\u0119pna po spe\u0142nieniu wymaga\u0144 obrotu jest 5-krotno\u015bci\u0105 otrzymanej premii;<\/li><li>Bonusy pieni\u0119\u017cne maj\u0105 wym\u00f3g obrotu 40 razy. Te bonusy mo\u017cna wdro\u017cy\u0107 poprzez obstawianie w kasynie;<\/li><li>Darmowe spiny to zak\u0142ad w wysoko\u015bci 0,25 \u20ac za spin;<\/li><li>Wygrane z darmowych spin\u00f3w s\u0105 dodawane do oddzielnego salda bonusowego;<\/li><li>Wygrane z darmowych spin\u00f3w maj\u0105 wym\u00f3g obrotu 30x;<\/li><li>5 dni na postawienie bonusu;<\/li><li>Bonus jest dost\u0119pny tylko raz;<\/li><li>Tylko jeden bonus od depozytu mo\u017ce by\u0107 aktywny w danym momencie. Aktywuj\u0105c bonus od depozytu, automatycznie dezaktywujesz poprzedni\u0105 promocj\u0119.<\/li><\/ul>\n\n\n\n<h2>Kod promocyjny kasyna VulkanBet<\/h2>\n\n\n\n<figure class=\"wp-block-image size-large is-resized\"><img loading=\"lazy\" src=\"https:\/\/wettespielen.de\/wp-content\/uploads\/2021\/07\/Vulkan-Bet-Bonuscodes-1024x174.png\" alt=\"Bonus zak\u0142adu Vulkan\" class=\"wp-image-57\" width=\"952\" height=\"161\" srcset=\"https:\/\/wettespielen.de\/wp-content\/uploads\/2021\/07\/Vulkan-Bet-Bonuscodes-1024x174.png 1024w, https:\/\/wettespielen.de\/wp-content\/uploads\/2021\/07\/Vulkan-Bet-Bonuscodes-300x51.png 300w, https:\/\/wettespielen.de\/wp-content\/uploads\/2021\/07\/Vulkan-Bet-Bonuscodes-768x130.png 768w, https:\/\/wettespielen.de\/wp-content\/uploads\/2021\/07\/Vulkan-Bet-Bonuscodes.png 1350w\" sizes=\"(max-width: 952px) 100vw, 952px\" title=\"\"><figcaption>Bezpieczny kod bonusowy zak\u0142adu Vulkan<\/figure>\n\n\n\n<p>Obecnie istniej\u0105 2 wa\u017cne kody bonusowe, kt\u00f3rych mo\u017cesz u\u017cy\u0107 jako sta\u0142y klient, aby cieszy\u0107 si\u0119 wieloma innymi bonusami. Dzi\u0119ki saldzie pocz\u0105tkowemu klienci mog\u0105 rozpocz\u0105\u0107 gr\u0119 za prawdziwe pieni\u0105dze.<\/p>\n\n\n\n<h3>Bonus na zak\u0142ady sportowe Olsior<\/h3>\n\n\n\n<p>Aby skorzysta\u0107 z bonusu Olsior, wykonaj nast\u0119puj\u0105ce czynno\u015bci:<\/p>\n\n\n\n<ul><li>Zarejestruj si\u0119 lub zaloguj ponownie na stronie VulkanBet;<\/li><li>Aktywuj kod promocyjny OLSIOR22 w profilu, znajdziesz go w odpowiednim obszarze;<\/li><li>Aby aktywowa\u0107 bonus, musisz wp\u0142aci\u0107 co najmniej 10 \u20ac.<\/li><\/ul>\n\n\n\n<p><strong>Bonus 200%:<\/strong><\/p>\n\n\n\n<ul><li>Najwy\u017csza dost\u0119pna kwota bonusu to 700 \u20ac;<\/li><li>Bonusy pieni\u0119\u017cne nale\u017cy obstawia\u0107 35 razy. Mo\u017cna je obstawia\u0107 poprzez pojedyncze zak\u0142ady na sport i e-sport po kursie co najmniej 1,75;<\/li><li>15 dni na postawienie bonusu;<\/li><li>Maksymalna kwota, kt\u00f3ra mo\u017ce zosta\u0107 przelana na saldo Twojego konta rzeczywistego po obstawieniu bonusu, jest sum\u0105 samego bonusu.<\/li><\/ul>\n\n\n\n<p><strong>zwrot got\u00f3wki:<\/strong><\/p>\n\n\n\n<ul><li>Cashback daje Ci mo\u017cliwo\u015b\u0107 odzyskania 10 % postawionego i przegranego zak\u0142adu w ci\u0105gu 24 godzin po dokonaniu wp\u0142aty, przy czym depozyt musi spe\u0142nia\u0107 warunki tej promocji. Cashback = (suma zak\u0142ad\u00f3w \u2013 wygrane z tych zak\u0142ad\u00f3w) x 10%. Zak\u0142ady musz\u0105 spe\u0142nia\u0107 nast\u0119puj\u0105ce warunki: saldo rzeczywiste, rodzaj zak\u0142adu \u2013 pojedynczy;<\/li><li>Cashback zostanie przelany na Twoje saldo bonusowe;<\/li><li>Cashback wymaga obrotu 5 razy.<\/li><\/ul>\n\n\n\n<h3>Bonus na zak\u0142ady sportowe XBOST<\/h3>\n\n\n\n<p>To jest oferta na zak\u0142ady, poniewa\u017c Vulkanbet to nie tylko kasyno, ale bukmacher.<\/p>\n\n\n\n<ul><li>Aktywuj kod promocyjny XBOCT w swoim profilu;<\/li><li>Aby aktywowa\u0107 bonus, musisz wp\u0142aci\u0107 co najmniej 10 USD\/10 EUR.<\/li><\/ul>\n\n\n\n<p><strong>Bonus od depozytu:<\/strong><\/p>\n\n\n\n<ul><li>Najwy\u017csza dost\u0119pna kwota bonusu to maksymalnie 700 EUR \/ 800 USD;<\/li><li>Bonusy pieni\u0119\u017cne nale\u017cy obstawia\u0107 35 razy. Mo\u017cna je obstawia\u0107 poprzez pojedyncze zak\u0142ady na sport i e-sport po kursie co najmniej 1,75;<\/li><li>15 dni na postawienie bonusu;<\/li><li>Maksymalna kwota, kt\u00f3ra mo\u017ce zosta\u0107 przelana na saldo konta rzeczywistego po obstawieniu tej premii, jest r\u00f3wna sumie samej premii.<\/li><\/ul>\n\n\n\n<center><a href=\"https:\/\/seobionic.info\/click.php?key=4idde1jbgnpavcrb2src\" class=\"signup-button bp-button\" rel=\"nofollow noopener\">DO BONUS\u00d3W<\/a><\/center>\n\n\n\n<h2>VIP<\/h2>\n\n\n\n<p><strong>Bonus kasyna VulkanBet dla lojalnych klient\u00f3w w programie VIP \u2013 przegl\u0105d<\/strong><\/p>\n\n\n\n<p>Kasyno bez programu VIP? Nie w Vulkan Bet! Stali klienci Vulkanbet s\u0105 nagradzani specjalnymi promocjami przez kasyno online. Jako nowy klient zaczynasz od poziomu Bronze i mo\u017cesz przej\u015b\u0107 na poziom VIP Diamond, za kt\u00f3ry zbierasz punkty. Im wy\u017cszy tw\u00f3j poziom, tym bardziej zyskujesz lukratywne promocje. Na poziomie Diamond mo\u017cesz nawet wymieni\u0107 50 punkt\u00f3w na 1 \u20ac. Ka\u017cde 2 euro daje klientom punkt lojalno\u015bciowy. Kredyt, kt\u00f3ry wymieniasz, mo\u017cna zagra\u0107 w kasynie online Vulkanbet, postawi\u0107 i dopiero wtedy wyp\u0142aci\u0107. Opr\u00f3cz tego programu lojalno\u015bciowego dla lojalnych klient\u00f3w istniej\u0105 inne hojne promocje. Brak depozytu 10 \u20ac i darmowe spiny bez depozytu nie s\u0105 obecnie dost\u0119pne w kasynie.<\/p>\n\n\n\n<h2>Czy istnieje bonus w kasynie bez depozytu?<\/h2>\n\n\n\n<p>Nie, to kasyno nie rozdaje takiego bonusu. Ale dzi\u0119ki nam gracze otrzymuj\u0105 ekskluzywne oferty! Dajemy Ci wa\u017cny ekskluzywny kod promocyjny VulkanBet dla jednego <meta charset=\"utf-8\">Bonus 200% z depozytem 50 darmowych spin\u00f3w bez skomplikowanych warunk\u00f3w: TOPVBET. Wersja mobilna daje r\u00f3wnie\u017c mo\u017cliwo\u015b\u0107 wpisywania kod\u00f3w bonusowych.<\/p>\n\n\n\n<h2>wyp\u0142aty<\/h2>\n\n\n\n<p><em>Jak mog\u0119 wyp\u0142aci\u0107 moje wygrane z bonus\u00f3w? do\u015bwiadczenie<\/em>. Po spe\u0142nieniu wszystkich warunk\u00f3w mo\u017cesz wyp\u0142aci\u0107 wygrane.<\/p>\n\n\n\n<p>Ci, kt\u00f3rzy wygrywaj\u0105 dzi\u0119ki swoim bonusom, chc\u0105 jak najszybciej wyp\u0142aci\u0107 swoje wygrane. Ka\u017cdy gracz ma wiele wariant\u00f3w wp\u0142at i wyp\u0142at. Mo\u017cesz wybiera\u0107 spo\u015br\u00f3d 12 r\u00f3\u017cnych opcji p\u0142atno\u015bci u tego dostawcy. Opr\u00f3cz dobrze znanych VISA i MasterCard istnieje r\u00f3wnie\u017c wiele e-portfeli. Zwr\u00f3\u0107 uwag\u0119, \u017ce wyp\u0142aty mo\u017cna dokona\u0107 t\u0105 sam\u0105 metod\u0105, kt\u00f3rej u\u017cy\u0142e\u015b do ostatniej wp\u0142aty.<\/p>\n\n\n\n<p><strong>PayPal<\/strong><\/p>\n\n\n\n<p>Opcja PayPal nie jest jeszcze dost\u0119pna w Vulkanbet Casino. Twoje transakcje mog\u0105 by\u0107 wykonane z 12 innymi opcjami. Wszystkie s\u0105 niezawodne.<\/p>\n\n\n\n<p><strong>Skrill<\/strong><\/p>\n\n\n\n<p>Klienci Vulkanbet znajd\u0105 w ofercie Skrill do wp\u0142at i wyp\u0142at. Depozyt pojawia si\u0119 na koncie b\u0142yskawicznie, gracze mog\u0105 natychmiast rozpocz\u0105\u0107 gr\u0119. Najwi\u0119ksz\u0105 zalet\u0105 Skrill jest to, \u017ce wyp\u0142ata trwa zwykle do 24 godzin.<\/p>\n\n\n\n<p><strong>Neteller<\/strong><\/p>\n\n\n\n<p>Neteller mo\u017ce by\u0107 u\u017cywany 24\/7 do wyp\u0142at w Vulkanbet. W tym celu wp\u0142aty s\u0105 zlecane bezpo\u015brednio i s\u0105 realizowane w ci\u0105gu kilku sekund, podczas gdy wyp\u0142aty trwaj\u0105 tylko 24 godziny.<\/p>\n\n\n\n<h3>Jakie gry s\u0105 w sprzeda\u017cy?<\/h3>\n\n\n\n<p>W dziale gier karcianych znajdziesz pokera, blackjacka, bakarata, ruletk\u0119. Dzi\u0119ki najlepszym automatom od renomowanych dostawc\u00f3w Netent, Merkur, Microgaming i r\u00f3\u017cnym grom, takim jak Starburst, Book of Dead, Vegas Nights, Hot Hot Fruit, Weekend in Vegas i wielu innych, poznasz r\u00f3wnie\u017c inne, kt\u00f3re s\u0105 w ofercie . Sprawd\u017a sekcj\u0119 Sloty. W blackjacku, ruletce i innych grach na \u017cywo nie s\u0105 oferowane \u017cadne promocje. Je\u015bli co\u015b jest niejasne, obs\u0142uga klienta jest zawsze gotowa do pomocy.<\/p>\n\n\n\n<h2>Wniosek \u2013 Zarejestruj si\u0119 i wybierz promocj\u0119 dla siebie<\/h2>\n\n\n\n<p>VulkanBet chce, aby u\u017cytkownik kasyna online m\u00f3g\u0142 wybra\u0107 dla siebie najbardziej odpowiedni\u0105 promocj\u0119. Dlatego zawsze s\u0105 r\u00f3\u017cne najlepsze promocje, w kt\u00f3rych mo\u017cesz wzi\u0105\u0107 udzia\u0142 jako nowy klient. Aby otrzyma\u0107 bonus w kasynie online Vulkan Bet, musisz podj\u0105\u0107 decyzj\u0119 i zarejestrowa\u0107 konto na portalu gier, podaj\u0105c dane osobowe, takie jak e-mail, numer telefonu. W przeciwnym razie mo\u017cliwe jest testowanie gier tylko w trybie darmowym bez rejestracji, ale wtedy nie dostaniesz \u017cadnych promocji, ale graj dla zabawy. To wci\u0105\u017c pierwsza i najwa\u017cniejsza rzecz, kt\u00f3r\u0105 nale\u017cy zrobi\u0107, aby rozpocz\u0105\u0107 swoj\u0105 przygod\u0119 z tym interesuj\u0105cym kasynem online. Jednak klienci nie otrzymuj\u0105 \u017cadnych promocji za darmo.<\/p>\n\n\n\n<p>Po zarejestrowaniu nowego konta <meta charset=\"utf-8\">regularnie sprawdzaj zak\u0142adk\u0119 DZIA\u0141ANIA. Skorzystaj r\u00f3wnie\u017c z naszego ekskluzywnego bonusu 200% + bez depozytu 50 darmowych spin\u00f3w w Vulkan Bet Casino z kodem promocyjnym TOPVBET! Darmowe spiny bez depozytu na slot.<\/p>\n\n\n\n<p>Aktualne oferty s\u0105 zawsze dost\u0119pne na stronie internetowej, kt\u00f3re s\u0105 dok\u0142adnie opisane i definiuj\u0105 warto\u015b\u0107 Bonusu Zak\u0142adu Vulkan, jego promocj\u0119 oraz ramy czasowe. Mo\u017cesz r\u00f3wnie\u017c odwiedzi\u0107 nasz\u0105 stron\u0119 internetow\u0105, poniewa\u017c tutaj rozdajemy naszym odwiedzaj\u0105cym nowe ekskluzywne kody bonusowe! Staramy si\u0119 r\u00f3wnie\u017c regularnie informowa\u0107 naszych odbiorc\u00f3w o najnowszych ofertach za pomoc\u0105 newslettera. Wszystkie promocje, w tym kody bonusowe VulkanBet, maj\u0105 okre\u015blone wymagania dotycz\u0105ce u\u017cytkowania. Dlatego przed podj\u0119ciem ostatecznej decyzji o wzi\u0119ciu udzia\u0142u w promocji nale\u017cy zawsze sprawdzi\u0107, co zrobi\u0107, aby jak najlepiej z niej skorzysta\u0107 i unikn\u0105\u0107 ewentualnych rozczarowa\u0144. Staramy si\u0119, aby wszystkie oferty by\u0142y nieco bardziej przejrzyste, aby gracze wiedzieli, \u017ce oferujemy im promocje po najlepszych cenach online. Wi\u0119c nie czekaj, zarejestruj swoje konto! A przygody si\u0119 zaczn\u0105! Jeste\u015bmy pewni, \u017ce nie b\u0119dziesz si\u0119 doczeka\u0107 ofert, poniewa\u017c s\u0105 one doskona\u0142e.<\/p>","protected":false},"excerpt":{"rendered":"<p>Kod promocyjny VulkanBet 50 darmowych spin\u00f3w i inne nagrody VulkanBet ma szeroki pakiet bonusowy dla ka\u017cdego gracza i zawsze oferuje nowe bonusy. Aby natychmiast otrzyma\u0107 wszystkie informacje, zalecamy zapisanie si\u0119 do newslettera VulkanBet. Kasyna online nie zawsze rozdaj\u0105 swoim klientom ekskluzywne kody. W tej sekcji szczeg\u00f3\u0142owo opowiemy o aktualnym\u2026<\/p>","protected":false},"author":1,"featured_media":0,"parent":0,"menu_order":0,"comment_status":"closed","ping_status":"closed","template":"","meta":[],"amp_enabled":true,"_links":{"self":[{"href":"https:\/\/wettespielen.de\/pl\/wp-json\/wp\/v2\/pages\/9"}],"collection":[{"href":"https:\/\/wettespielen.de\/pl\/wp-json\/wp\/v2\/pages"}],"about":[{"href":"https:\/\/wettespielen.de\/pl\/wp-json\/wp\/v2\/types\/page"}],"author":[{"embeddable":true,"href":"https:\/\/wettespielen.de\/pl\/wp-json\/wp\/v2\/users\/1"}],"replies":[{"embeddable":true,"href":"https:\/\/wettespielen.de\/pl\/wp-json\/wp\/v2\/comments?post=9"}],"version-history":[{"count":186,"href":"https:\/\/wettespielen.de\/pl\/wp-json\/wp\/v2\/pages\/9\/revisions"}],"predecessor-version":[{"id":723,"href":"https:\/\/wettespielen.de\/pl\/wp-json\/wp\/v2\/pages\/9\/revisions\/723"}],"wp:attachment":[{"href":"https:\/\/wettespielen.de\/pl\/wp-json\/wp\/v2\/media?parent=9"}],"curies":[{"name":"wp","href":"https:\/\/api.w.org\/{rel}","templated":true}]}}