{"id":65,"date":"2021-07-20T15:48:05","date_gmt":"2021-07-20T12:48:05","guid":{"rendered":"https:\/\/wettespielen.de\/?page_id=65"},"modified":"2022-02-18T15:43:53","modified_gmt":"2022-02-18T12:43:53","slug":"vulkanbet-auszahlung","status":"publish","type":"page","link":"https:\/\/wettespielen.de\/pl\/vulkanbet-wyplata\/","title":{"rendered":"Wyp\u0142ata zak\u0142adu Vulkan"},"content":{"rendered":"<h2>Wyp\u0142aty i depozyty Vulkan Bet s\u0105 dokonywane szybko i bezpiecznie<\/h2>\n\n\n\n<p>Najlepsz\u0105 rzecz\u0105 w hazardzie i stawianiu zak\u0142ad\u00f3w jest oczywi\u015bcie wygrywanie. Ka\u017cdy klient chce szybko otrzyma\u0107 swoj\u0105 wygran\u0105, wi\u0119c zadajesz marce wa\u017cne pytanie: Jak szybko otrzymam swoj\u0105 wygran\u0105 i jak wiarygodne s\u0105 wszystkie transakcje w VulkanBet? Wa\u017cne jest r\u00f3wnie\u017c, aby natychmiast zrozumie\u0107, jakie metody p\u0142atno\u015bci mo\u017ce zaoferowa\u0107 kasyno. W tym artykule pomo\u017cemy Ci uzyska\u0107 szczeg\u00f3\u0142owe odpowiedzi na wszystkie te pytania.<\/p>\n\n\n\n<h2>Limity wyp\u0142at<\/h2>\n\n\n\n<p>Limity wyp\u0142at s\u0105 bardzo elastyczne w Vulkan Bet. Je\u015bli chcesz, mo\u017cesz natychmiast wyp\u0142aci\u0107 wygrane. Casino Vulkan Bet chce zaspokoi\u0107 potrzeby wszystkich graczy i dlatego maj\u0105 do dyspozycji r\u00f3\u017cne bezpieczne metody p\u0142atno\u015bci, prawie bez limit\u00f3w wp\u0142at i wyp\u0142at.<\/p>\n\n\n\n<p>Wybieraj\u0105c opcj\u0119 p\u0142atno\u015bci zwr\u00f3\u0107 uwag\u0119 na limity, kt\u00f3re wsz\u0119dzie s\u0105 r\u00f3\u017cne. Us\u0142ugi p\u0142atnicze maj\u0105 w\u0142asne ograniczenia, kt\u00f3rych kasyno online nie mo\u017ce obchodzi\u0107. To samo dotyczy czasu trwania ka\u017cdej transakcji. Twoje wyp\u0142aty zostan\u0105 natychmiast przetworzone przez administracj\u0119, ale dalszy czas trwania zale\u017cy od metody p\u0142atno\u015bci.<\/p>\n\n\n\n<p>Jedyny limit wyp\u0142aty: w przypadkach, gdy kwota Twojego \u017c\u0105dania wyp\u0142aty jest co najmniej 20-krotno\u015bci\u0105 ca\u0142kowitej kwoty Twoich depozyt\u00f3w, miesi\u0119czna wyp\u0142ata jest ograniczona do 5000 USD (lub r\u00f3wnowarto\u015bci w Twojej walucie). Nie ma limitu depozytu, tylko minimalny depozyt wynosi 5 EUR.<\/p>\n\n\n\n<p>Minimalna kwota wyp\u0142aty zale\u017cy od metody, sprawd\u017a informacje na swoim koncie osobistym.<\/p>\n\n\n\n<h2>Opcje p\u0142atno\u015bci Vulkan Bet&nbsp;<\/h2>\n\n\n\n<figure class=\"wp-block-image size-large is-resized\"><img loading=\"lazy\" src=\"https:\/\/wettespielen.de\/wp-content\/uploads\/2021\/07\/Vulkan-Bet-Auszahlung-1024x36.png\" alt=\"Wyp\u0142ata zak\u0142adu Vulkan\" class=\"wp-image-66\" width=\"970\" height=\"34\" srcset=\"https:\/\/wettespielen.de\/wp-content\/uploads\/2021\/07\/Vulkan-Bet-Auszahlung-1024x36.png 1024w, https:\/\/wettespielen.de\/wp-content\/uploads\/2021\/07\/Vulkan-Bet-Auszahlung-300x11.png 300w, https:\/\/wettespielen.de\/wp-content\/uploads\/2021\/07\/Vulkan-Bet-Auszahlung-768x27.png 768w, https:\/\/wettespielen.de\/wp-content\/uploads\/2021\/07\/Vulkan-Bet-Auszahlung.png 1347w\" sizes=\"(max-width: 970px) 100vw, 970px\" title=\"\"><figcaption>Wyp\u0142ata VulkanBet<\/figure>\n\n\n\n<p>VulkanBet wsp\u00f3\u0142pracuje z renomowanymi dostawcami p\u0142atno\u015bci, a ka\u017cda Twoja transakcja jest chroniona. Niestety, nie znajdziesz \u017cadnych szczeg\u00f3\u0142owych informacji na temat najnowszych metod p\u0142atno\u015bci na stronie Vulkan Bet, je\u015bli nie jeste\u015b jeszcze zarejestrowany. Zebrali\u015bmy jednak te informacje dla Ciebie.<\/p>\n\n\n\n<p>Mo\u017cesz wyp\u0142aci\u0107 zak\u0142ad Vulkan za pomoc\u0105 nast\u0119puj\u0105cych metod:&nbsp;<\/p>\n\n\n\n<ul><li>Giropay&nbsp;<\/li><li>Bank&nbsp;<\/li><li>Du\u017co lepiej<\/li><li>Neosurf&nbsp;<\/li><li>Paysafecard&nbsp;<\/li><li>Natychmiastowa bankowo\u015b\u0107<\/li><\/ul>\n\n\n\n<p>Obecne metody mog\u0105 ulec zmianie, dlatego podczas tworzenia konta nale\u017cy sprawdzi\u0107 aktualne informacje w swoim profilu. Mo\u017cesz tam r\u00f3wnie\u017c znale\u017a\u0107 aktualne limity wyp\u0142at.<\/p>","protected":false},"excerpt":{"rendered":"<p>Wyp\u0142aty i wp\u0142aty Vulkan Bet s\u0105 dokonywane szybko i bezpiecznie.Najlepsz\u0105 rzecz\u0105 w graniu w gry kasynowe i obstawianiu zak\u0142ad\u00f3w jest oczywi\u015bcie wygrana. Ka\u017cdy klient chce szybko otrzyma\u0107 swoj\u0105 wygran\u0105, wi\u0119c zadajesz marce wa\u017cne pytanie: Jak szybko otrzymam swoj\u0105 wygran\u0105 i jak wiarygodne s\u0105 wszystkie transakcje w VulkanBet? Wa\u017cne jest r\u00f3wnie\u017c od razu ...<\/p>","protected":false},"author":1,"featured_media":0,"parent":0,"menu_order":0,"comment_status":"closed","ping_status":"closed","template":"","meta":[],"amp_enabled":true,"_links":{"self":[{"href":"https:\/\/wettespielen.de\/pl\/wp-json\/wp\/v2\/pages\/65"}],"collection":[{"href":"https:\/\/wettespielen.de\/pl\/wp-json\/wp\/v2\/pages"}],"about":[{"href":"https:\/\/wettespielen.de\/pl\/wp-json\/wp\/v2\/types\/page"}],"author":[{"embeddable":true,"href":"https:\/\/wettespielen.de\/pl\/wp-json\/wp\/v2\/users\/1"}],"replies":[{"embeddable":true,"href":"https:\/\/wettespielen.de\/pl\/wp-json\/wp\/v2\/comments?post=65"}],"version-history":[{"count":2,"href":"https:\/\/wettespielen.de\/pl\/wp-json\/wp\/v2\/pages\/65\/revisions"}],"predecessor-version":[{"id":68,"href":"https:\/\/wettespielen.de\/pl\/wp-json\/wp\/v2\/pages\/65\/revisions\/68"}],"wp:attachment":[{"href":"https:\/\/wettespielen.de\/pl\/wp-json\/wp\/v2\/media?parent=65"}],"curies":[{"name":"wp","href":"https:\/\/api.w.org\/{rel}","templated":true}]}}