{"id":19,"date":"2020-09-09T16:42:51","date_gmt":"2020-09-09T13:42:51","guid":{"rendered":"https:\/\/wettespielen.de\/?page_id=19"},"modified":"2022-02-15T14:48:03","modified_gmt":"2022-02-15T11:48:03","slug":"vulkanbet-app","status":"publish","type":"page","link":"https:\/\/wettespielen.de\/pl\/vulkanbet-app\/","title":{"rendered":"Aplikacja VulkanBet"},"content":{"rendered":"<center><a href=\"https:\/\/seobionic.info\/click.php?key=4idde1jbgnpavcrb2src&amp;&amp;button=app\" class=\"signup-button bp-button app-btn\" rel=\"nofollow noopener\">Pobierz aplikacj\u0119<\/a><\/center>\n\n\n\n<h2>Aplikacja VulkanBet pomaga gra\u0107 w podr\u00f3\u017cy<\/h2>\n\n\n\n<p>Obecnie prawie ka\u017cda marka i platforma internetowa posiada wersj\u0119 mobiln\u0105 swoich produkt\u00f3w. Czemu? Mo\u017cna powiedzie\u0107, \u017ce to pytanie nie wymaga odpowiedzi. Oczywiste jest, \u017ce w XXI wieku ka\u017cdy ma smartfon w kieszeni, a cz\u0119sto ca\u0142a jego praca odbywa si\u0119 na telefonie. Je\u015bli jeste\u015b fanem hazardu, na pewno b\u0119dziesz chcia\u0142 od czasu do czasu otwiera\u0107 swoje ulubione gry w podr\u00f3\u017cy. A pierwszorz\u0119dna wersja mobilna Vulkan Bet pomo\u017ce ci dobrze.<\/p>\n\n\n\n<h2>Aplikacja VulkanBet na Androida<\/h2>\n\n\n\n<p>VulkanBet nie opracowa\u0142 jeszcze natywnej aplikacji na urz\u0105dzenia z systemem Android. Ale gracze nadal mog\u0105 odwiedza\u0107 Vulkanbet na swoich urz\u0105dzeniach mobilnych za po\u015brednictwem internetowej witryny mobilnej.<\/p>\n\n\n\n<p>Poza wygod\u0105 grania w podr\u00f3\u017cy, wersja mobilna ma kilka innych zalet. Na przyk\u0142ad nie ma dodatkowych koszt\u00f3w za pobranie aplikacji i oszcz\u0119dzasz miejsce na urz\u0105dzeniu z Androidem. Aby rozpocz\u0105\u0107 gr\u0119 na mobilnej wersji Vulkan Bet, po prostu wejd\u017a na oficjaln\u0105 stron\u0119 w przegl\u0105darce mobilnej i wyszukaj. Strona zostanie automatycznie prze\u0142\u0105czona do wersji mobilnej. Jest to wersja mobilnej strony internetowej zoptymalizowana do u\u017cytku mobilnego, do kt\u00f3rej zawsze mo\u017cesz dotrze\u0107.<\/p>\n\n\n\n<h2>Aplikacja VulkanBet na iOS<\/h2>\n\n\n\n<p>U\u017cytkownicy iOS mog\u0105 r\u00f3wnie\u017c liczy\u0107 na wersj\u0119 internetow\u0105, sytuacja jest taka sama. Nie ma natywnej aplikacji do pobrania na urz\u0105dzenia z systemem iOS. To pozostawia graczom na urz\u0105dzeniach mobilnych Apple alternatyw\u0119 korzystania z mobilnej strony internetowej. Wszystko, co musisz zrobi\u0107, to otworzy\u0107 preferowan\u0105 przegl\u0105dark\u0119 internetow\u0105 na urz\u0105dzeniu z systemem iOS i wprowadzi\u0107 adres URL Vulkanbet. Twoje urz\u0105dzenie automatycznie pobierze wersj\u0119 mobiln\u0105.<\/p>\n\n\n\n<p>Projekt na urz\u0105dzeniach z systemem iOS wygl\u0105da tak samo, jak na stronie internetowej urz\u0105dzenia z systemem Android i wersji na komputery stacjonarne. Wi\u0119c prawie nie zauwa\u017cysz \u017cadnych r\u00f3\u017cnic i od razu zobaczysz ca\u0142y interfejs.<\/p>\n\n\n\n<h2>Aplikacja VulkanBet: Co musisz wiedzie\u0107<\/h2>\n\n\n\n<p>Brak aplikacji do pobrania to \u017caden problem dla zapalonych graczy mobilnych w Vulkanbet. Wersja oparta na przegl\u0105darce doskonale radzi sobie z prezentowaniem tej platformy gier online na urz\u0105dzeniach mobilnych. Jak wspomniano wcze\u015bniej, korzystanie z mobilnej strony internetowej mo\u017ce by\u0107 r\u00f3wnie\u017c bardzo korzystne, poniewa\u017c pozwala zaoszcz\u0119dzi\u0107 miejsce na urz\u0105dzeniu.<\/p>\n\n\n\n<p>Mobilna wersja Vulkanbet jest r\u00f3wnie\u017c \u0142atwa w u\u017cyciu. Mo\u017cesz zarejestrowa\u0107 si\u0119 tutaj, korzysta\u0107 ze wszystkich bonus\u00f3w, gra\u0107 w kasynach online i na \u017cywo, stawia\u0107 zak\u0142ady, a tak\u017ce kontaktowa\u0107 si\u0119 z obs\u0142ug\u0105 klienta.<\/p>\n\n\n\n<p>Po zalogowaniu si\u0119 na stronie b\u0119dziesz mie\u0107 dost\u0119p do ca\u0142ej gamy gier i automat\u00f3w wideo do niekt\u00f3rych ekscytuj\u0105cych sport\u00f3w na \u017cywo. Wersja mobilna jest wyposa\u017cona w imponuj\u0105cy wyb\u00f3r opcji gier i zak\u0142ad\u00f3w, kt\u00f3re znajdziesz natychmiast na swoim urz\u0105dzeniu mobilnym.<\/p>\n\n\n\n<h2>Zak\u0142ady sportowe VulkanBet w wersji mobilnej<\/h2>\n\n\n\n<p>Dla niekt\u00f3rych Vulkanbet jest bardziej znany z zak\u0142ad\u00f3w sportowych online. Od momentu powstania marki Vulkanbet opracowa\u0142 szerok\u0105 gam\u0119 zak\u0142ad\u00f3w sportowych z regularnymi aktualizacjami nowych opcji zak\u0142ad\u00f3w. Z mobilnej wersji strony internetowej mo\u017cesz \u0142atwo obstawia\u0107 r\u00f3\u017cne wydarzenia sportowe, takie jak pi\u0142ka no\u017cna, MMA, hokej, boks, koszyk\u00f3wka, siatk\u00f3wka i wiele innych. Zak\u0142ady na pi\u0142k\u0119 no\u017cn\u0105 s\u0105 prawdopodobnie jednym z najwi\u0119kszych rynk\u00f3w zak\u0142ad\u00f3w.<\/p>\n\n\n\n<p>Serwis oferuje gry z lig na wszystkich kontynentach. Opr\u00f3cz regularnych wydarze\u0144 sportowych Vulkanbet skupi\u0142 si\u0119 r\u00f3wnie\u017c nieco na e-sporcie. Witryna oferuje obszerny katalog gier e-sportowych z wieloma opcjami obstawiania.<\/p>\n\n\n\n<h2>Wersja mobilna VulkanBet Casino<\/h2>\n\n\n\n<p>Je\u015bli nie jeste\u015b fanem zak\u0142ad\u00f3w sportowych, mo\u017cesz wypr\u00f3bowa\u0107 mobilne kasyno Vulkanbet, kt\u00f3re oferuje r\u00f3\u017cnorodne gry kasynowe i jest dost\u0119pne zar\u00f3wno na urz\u0105dzeniach z Androidem, jak i iOS. Kasyno mobilne ma obszerny katalog gier, kt\u00f3ry zawiera wszystkie gry oferowane na g\u0142\u00f3wnej stronie na komputery stacjonarne. Wszystkie gry s\u0105 oferowane w trybie natychmiastowej gry i mo\u017cna w nie \u0142atwo gra\u0107 za pomoc\u0105 zwyk\u0142ej przegl\u0105darki internetowej, a wszystko to dzieje si\u0119 bez dodatkowych pobra\u0144.<\/p>\n\n\n\n<p>Je\u015bli chodzi o wyb\u00f3r gier, Vulkanbet stworzy\u0142 platform\u0119 gier kasynowych online z wieloma programami. Tutaj znajdziesz gry od najlepszych dostawc\u00f3w oprogramowania, takich jak NetEnt, Play&#039;n Go, Microgaming, Betsoft i EvoPlay. Niezale\u017cnie od tego, czy interesuj\u0105 Ci\u0119 tradycyjne 3-b\u0119bnowe automaty do gry i poker, czy te\u017c mocno zmodernizowane automaty 3D i poker wideo, Vulkanbet zawsze ma co\u015b do zaoferowania.<\/p>\n\n\n\n<p>W obszarze gier karcianych i sto\u0142owych znajdziesz wyb\u00f3r popularnych gier, takich jak bakarat, blackjack, poker, ruletka i wiele innych.<\/p>\n\n\n\n<p>Najwi\u0119kszy wyb\u00f3r gier kasynowych mo\u017cna znale\u017a\u0107 w sekcji automat\u00f3w, kt\u00f3ra ma ponad sto gier. Tutaj znajdziesz klasyczne automaty, automaty z wieloma b\u0119bnami i automaty 3D z nowoczesnymi motywami filmowymi.<\/p>\n\n\n\n<h2>Bonus VulkanBet za po\u015brednictwem aplikacji mobilnej<\/h2>\n\n\n\n<p>Nie ma specjalnych bonus\u00f3w, kt\u00f3re Vulkanbet oferuje graczom korzystaj\u0105cym z wersji mobilnej. Strona oferuje wszystkim nowym graczom bonus powitalny przy ich pierwszym, drugim i trzecim depozycie. Wszystkie bonusy s\u0105 dost\u0119pne za po\u015brednictwem aplikacji mobilnej.<\/p>","protected":false},"excerpt":{"rendered":"<p>Pobierz aplikacj\u0119 Aplikacja VulkanBet pomaga gra\u0107 w biegu Obecnie prawie ka\u017cda marka i platforma internetowa ma mobiln\u0105 wersj\u0119 swoich produkt\u00f3w. Czemu? Mo\u017cna powiedzie\u0107, \u017ce to pytanie nie wymaga odpowiedzi. Wida\u0107 wyra\u017anie, \u017ce w XXI wieku ka\u017cdy ma smartfon w kieszeni, a cz\u0119sto ca\u0142a jego praca odbywa si\u0119 na telefonie. ...<\/p>","protected":false},"author":1,"featured_media":0,"parent":0,"menu_order":0,"comment_status":"closed","ping_status":"closed","template":"","meta":[],"amp_enabled":true,"_links":{"self":[{"href":"https:\/\/wettespielen.de\/pl\/wp-json\/wp\/v2\/pages\/19"}],"collection":[{"href":"https:\/\/wettespielen.de\/pl\/wp-json\/wp\/v2\/pages"}],"about":[{"href":"https:\/\/wettespielen.de\/pl\/wp-json\/wp\/v2\/types\/page"}],"author":[{"embeddable":true,"href":"https:\/\/wettespielen.de\/pl\/wp-json\/wp\/v2\/users\/1"}],"replies":[{"embeddable":true,"href":"https:\/\/wettespielen.de\/pl\/wp-json\/wp\/v2\/comments?post=19"}],"version-history":[{"count":10,"href":"https:\/\/wettespielen.de\/pl\/wp-json\/wp\/v2\/pages\/19\/revisions"}],"predecessor-version":[{"id":762,"href":"https:\/\/wettespielen.de\/pl\/wp-json\/wp\/v2\/pages\/19\/revisions\/762"}],"wp:attachment":[{"href":"https:\/\/wettespielen.de\/pl\/wp-json\/wp\/v2\/media?parent=19"}],"curies":[{"name":"wp","href":"https:\/\/api.w.org\/{rel}","templated":true}]}}